{"id":2189,"date":"2024-04-16T22:23:11","date_gmt":"2024-04-16T22:23:11","guid":{"rendered":"http:\/\/jugoscanary.co\/?page_id=2189"},"modified":"2024-04-24T03:44:03","modified_gmt":"2024-04-24T03:44:03","slug":"zumos","status":"publish","type":"page","link":"https:\/\/jugoscanary.co\/index.php\/zumos\/","title":{"rendered":"Zumos"},"content":{"rendered":"<!--themify_builder_content-->\n<div id=\"themify_builder_content-2189\" data-postid=\"2189\" class=\"themify_builder_content themify_builder_content-2189 themify_builder tf_clear\">\n    \t\t\t\t<div  data-lazy=\"1\" class=\"module_row themify_builder_row tb_iydh831 tb_first tf_w\">\n\t\t\t\t\t\t<div class=\"row_inner col_align_top tb_col_count_2 tf_box tf_rel\">\n\t\t\t\t\t\t<div  data-lazy=\"1\" class=\"module_column tb-column col4-2 tb_us1n831 first\">\n\t\t\t\t\t<!-- module text -->\n<div  class=\"module module-text tb_213i182   \" data-lazy=\"1\">\n\t    <div  class=\"tb_text_wrap\">\n\t\t<h3>Zumos<\/h3>    <\/div>\n<\/div>\n<!-- \/module text --><!-- module image -->\n<div  class=\"module module-image tb_ypz8182 image-center rounded drop-shadow bordered  tf_mw\" data-lazy=\"1\" data-lax-translate-y=\"(vh*1) 0,(vh*0) -70\" data-lax=\"true\">\n        <div class=\"image-wrap tf_rel tf_mw\">\n\t\t    <img loading=\"lazy\" decoding=\"async\" src=\"http:\/\/jugoscanary.co\/wp-content\/uploads\/2024\/04\/ZUMOS-scaled.jpg\" width=\"498\" height=\"477\" title=\"Zumos\" alt=\"Zumos\">\t\n\t\t<\/div>\n\t<!-- \/image-wrap -->\n    \n    \t<\/div>\n<!-- \/module image --><!-- module plain text -->\n<div  class=\"module module-plain-text tb_1x6k85 \" data-lazy=\"1\">\n        <div class=\"tb_text_wrap\">\n\t<div style=\"text-align: center;\"><a href=\"https:\/\/wa.me\/573118352793?text=M\u00e1s%20informaci\u00f3n%20de%20los%20Zumos\" target=\"_blank\" rel=\"noopener\"><img decoding=\"async\" src=\"http:\/\/jugoscanary.co\/wp-content\/uploads\/2024\/04\/WhatsAppButtonGreenMedium.png\" \/><\/a>\n<\/div>    <\/div>\n<\/div>\n<!-- \/module plain text -->\t\t<\/div>\n\t\t\t\t\t<div  data-lazy=\"1\" class=\"module_column tb-column col4-2 tb_icn928 last\">\n\t\t\t\t\t<!-- module text -->\n<div  class=\"module module-text tb_vhfc183   \" data-lazy=\"1\">\n\t    <div  class=\"tb_text_wrap\">\n\t\t<h4>Caracter\u00edsticas<\/h4>\n<ul>\n<li>Elaborados con frutas seleccionadas cuidadosamente para garantizar la m\u00e1xima calidad y frescura en cada gota, preservando todo el sabor y los nutrientes de la fruta reci\u00e9n exprimida.<\/li>\n<\/ul>    <\/div>\n<\/div>\n<!-- \/module text --><!-- module text -->\n<div  class=\"module module-text tb_x472102   \" data-lazy=\"1\">\n\t    <div  class=\"tb_text_wrap\">\n\t\t<h4>Congelados<\/h4>\n<ul>\n<li>Se encuentran disponibles en presentaciones congeladas, lo que garantiza su conservaci\u00f3n a largo plazo.<\/li>\n<li>Duraci\u00f3n de 1 a 2 a\u00f1os a -18\u00b0C, manteniendo su sabor y propiedades intactas hasta su consumo.<\/li>\n<\/ul>    <\/div>\n<\/div>\n<!-- \/module text --><!-- module text -->\n<div  class=\"module module-text tb_nhsi251   \" data-lazy=\"1\">\n\t    <div  class=\"tb_text_wrap\">\n\t\t<h4><strong>Resultado de la extracci\u00f3n y\/o exprimido<\/strong><\/h4>\n<p>Zumos de lim\u00f3n, naranja y mandarina al 100%, obtenidos mediante t\u00e9cnicas de extracci\u00f3n que aseguran la m\u00e1xima pureza y frescura.<\/p>    <\/div>\n<\/div>\n<!-- \/module text --><!-- module text -->\n<div  class=\"module module-text tb_5pr6840   \" data-lazy=\"1\">\n\t    <div  class=\"tb_text_wrap\">\n\t\t<h4>Pasteurizado<\/h4>\n<ul>\n<li>Tambi\u00e9n ofrecemos zumos pasteurizados, listos para consumir sin necesidad de refrigeraci\u00f3n ni congelaci\u00f3n.<\/li>\n<li>Duraci\u00f3n de 3 meses sin refrigeraci\u00f3n ni congelaci\u00f3n, ideales para aquellos que prefieren la conveniencia sin sacrificar la calidad.<\/li>\n<\/ul>    <\/div>\n<\/div>\n<!-- \/module text -->\t\t<\/div>\n\t\t\t\t\t\t<\/div>\n\t\t<\/div>\n\t\t<\/div>\n<!--\/themify_builder_content-->","protected":false},"excerpt":{"rendered":"<p>Zumos<\/p>\n","protected":false},"author":1,"featured_media":0,"parent":0,"menu_order":0,"comment_status":"closed","ping_status":"closed","template":"","meta":{"footnotes":""},"aioseo_notices":[],"builder_content":"<h3>Zumos<\/h3>\n<img src=\"http:\/\/jugoscanary.co\/wp-content\/uploads\/2024\/04\/ZUMOS-scaled.jpg\" width=\"498\" height=\"477\" title=\"Zumos\" alt=\"Zumos\">\n<a href=\"https:\/\/wa.me\/573118352793?text=M\u00e1s%20informaci\u00f3n%20de%20los%20Zumos\" target=\"_blank\" rel=\"noopener\"><img decoding=\"async\" src=\"http:\/\/jugoscanary.co\/wp-content\/uploads\/2024\/04\/WhatsAppButtonGreenMedium.png\" \/><\/a>\n<h4>Caracter\u00edsticas<\/h4> <ul> <li>Elaborados con frutas seleccionadas cuidadosamente para garantizar la m\u00e1xima calidad y frescura en cada gota, preservando todo el sabor y los nutrientes de la fruta reci\u00e9n exprimida.<\/li> <\/ul>\n<h4>Congelados<\/h4> <ul> <li>Se encuentran disponibles en presentaciones congeladas, lo que garantiza su conservaci\u00f3n a largo plazo.<\/li> <li>Duraci\u00f3n de 1 a 2 a\u00f1os a -18\u00b0C, manteniendo su sabor y propiedades intactas hasta su consumo.<\/li> <\/ul>\n<h4><strong>Resultado de la extracci\u00f3n y\/o exprimido<\/strong><\/h4> <p>Zumos de lim\u00f3n, naranja y mandarina al 100%, obtenidos mediante t\u00e9cnicas de extracci\u00f3n que aseguran la m\u00e1xima pureza y frescura.<\/p>\n<h4>Pasteurizado<\/h4> <ul> <li>Tambi\u00e9n ofrecemos zumos pasteurizados, listos para consumir sin necesidad de refrigeraci\u00f3n ni congelaci\u00f3n.<\/li> <li>Duraci\u00f3n de 3 meses sin refrigeraci\u00f3n ni congelaci\u00f3n, ideales para aquellos que prefieren la conveniencia sin sacrificar la calidad.<\/li> <\/ul>","_links":{"self":[{"href":"https:\/\/jugoscanary.co\/index.php\/wp-json\/wp\/v2\/pages\/2189"}],"collection":[{"href":"https:\/\/jugoscanary.co\/index.php\/wp-json\/wp\/v2\/pages"}],"about":[{"href":"https:\/\/jugoscanary.co\/index.php\/wp-json\/wp\/v2\/types\/page"}],"author":[{"embeddable":true,"href":"https:\/\/jugoscanary.co\/index.php\/wp-json\/wp\/v2\/users\/1"}],"replies":[{"embeddable":true,"href":"https:\/\/jugoscanary.co\/index.php\/wp-json\/wp\/v2\/comments?post=2189"}],"version-history":[{"count":90,"href":"https:\/\/jugoscanary.co\/index.php\/wp-json\/wp\/v2\/pages\/2189\/revisions"}],"predecessor-version":[{"id":2533,"href":"https:\/\/jugoscanary.co\/index.php\/wp-json\/wp\/v2\/pages\/2189\/revisions\/2533"}],"wp:attachment":[{"href":"https:\/\/jugoscanary.co\/index.php\/wp-json\/wp\/v2\/media?parent=2189"}],"curies":[{"name":"wp","href":"https:\/\/api.w.org\/{rel}","templated":true}]}}