{"id":2363,"date":"2024-04-20T22:41:01","date_gmt":"2024-04-20T22:41:01","guid":{"rendered":"http:\/\/jugoscanary.co\/?page_id=2363"},"modified":"2024-04-24T03:44:50","modified_gmt":"2024-04-24T03:44:50","slug":"nectares","status":"publish","type":"page","link":"https:\/\/jugoscanary.co\/index.php\/nectares\/","title":{"rendered":"N\u00e9ctares"},"content":{"rendered":"<!--themify_builder_content-->\n<div id=\"themify_builder_content-2363\" data-postid=\"2363\" class=\"themify_builder_content themify_builder_content-2363 themify_builder tf_clear\">\n    \t\t\t\t<div  data-lazy=\"1\" class=\"module_row themify_builder_row tb_iydh831 tb_first tf_w\">\n\t\t\t\t\t\t<div class=\"row_inner col_align_top tb_col_count_2 tf_box tf_rel\">\n\t\t\t\t\t\t<div  data-lazy=\"1\" class=\"module_column tb-column col4-2 tb_us1n831 first\">\n\t\t\t\t\t<!-- module text -->\n<div  class=\"module module-text tb_213i182   \" data-lazy=\"1\">\n\t    <div  class=\"tb_text_wrap\">\n\t\t<h3>N\u00e9ctares<\/h3>    <\/div>\n<\/div>\n<!-- \/module text --><!-- module gallery -->\n<div  class=\"module gallery module-gallery tb_hgu7838 layout-slider  \" data-lazy=\"1\">\n    \t\t\t<div class=\"tf_swiper-container tf_carousel themify_builder_slider tf_rel tf_overflow\"\n\t\t\t  data-lazy=\"1\"\t\t\t\tdata-pager=\"0\"\n\t\t\t\tdata-speed=\"1\"\n\t\t\t\tdata-slider_nav=\"0\"\n\t\t\t\tdata-wrapvar=\"1\"\n\t\t\t\tdata-height=\"variable\"\n\t\t\t\t\t\t\t\t\tdata-effect=\"scroll\"\n\t\t\t\t\tdata-css_url=\"https:\/\/jugoscanary.co\/wp-content\/themes\/parallax\/themify\/themify-builder\/css\/modules\/sliders\/carousel,https:\/\/jugoscanary.co\/wp-content\/themes\/parallax\/themify\/themify-builder\/css\/modules\/sliders\/gallery\"\n\t\t\t\t\t\t\t\t\t\tdata-auto=\"4\"\n\t\t\t\t\tdata-pause_hover=\"1\"\n\t\t\t\t\t\t\t\t\t\t\t\t\t\t\t\t\t\t\t\t\t\t\t\t\t\t\t\tdata-thumbs=\"tb_hgu7838_thumbs\"\n\t\t\t\t\t\t\t\t\t\t\t\t \t\t\t>\n\t\t\t<div class=\"tf_swiper-wrapper tf_lazy tf_rel tf_w tf_h tf_textc\">\n\t\t\t\t\t\t\t\t\t\t\t\t\t<div class=\"tf_swiper-slide\" style=\"\">\n\t\t\t\t\t\t<div class=\"slide-inner-wrap\">\n\t\t\t\t\t\t\t<div class=\"tf_lazy slide-image gallery-icon\">\n\t\t\t\t\t\t\t<a href=\"https:\/\/jugoscanary.co\/wp-content\/uploads\/2024\/04\/A-18-scaled.jpg\" class=\"themify_lightbox\"><img src=\"data:image\/svg+xml,%3Csvg%20xmlns=%27http:\/\/www.w3.org\/2000\/svg%27%20width='600'%20height='500'%20viewBox=%270%200%20600%20500%27%3E%3C\/svg%3E\" loading=\"lazy\" data-lazy=\"1\" data-tf-not-load=\"1\" style=\"background:linear-gradient(to right,#f0f0e8 25%,#f80507 25% 50%,#e0e3da 50% 75%,#cfd4cd 75%),linear-gradient(to right,#f7f8f2 25%,#ff485e 25% 50%,#ebeee7 50% 75%,#d0d5ce 75%),linear-gradient(to right,#fa7065 25%,#e5cdb3 25% 50%,#d7dcd5 50% 75%,#d1d6d0 75%),linear-gradient(to right,#d44b43 25%,#b41b30 25% 50%,#b12d3a 50% 75%,#e1e5e8 75%)\" decoding=\"async\" data-tf-src=\"https:\/\/jugoscanary.co\/wp-content\/uploads\/2024\/04\/A-18-1024x901-600x500.jpg\" width=\"600\" height=\"500\" class=\"tf_svg_lazy wp-post-image wp-image-2136\" title=\"A (18)\" alt=\"A (18)\"><noscript><img loading=\"lazy\" decoding=\"async\" data-tf-not-load src=\"https:\/\/jugoscanary.co\/wp-content\/uploads\/2024\/04\/A-18-1024x901-600x500.jpg\" width=\"600\" height=\"500\" class=\"wp-post-image wp-image-2136\" title=\"A (18)\" alt=\"A (18)\"><\/noscript><\/a>\t\t\t\t\t\t\t<\/div>\n\t\t\t\t\t\t\t\t\t\t\t\t\t<\/div><\/div>\n\t\t\t\t\t\t\t\t\t<div class=\"tf_swiper-slide\" style=\"display:none\">\n\t\t\t\t\t\t<div class=\"slide-inner-wrap\">\n\t\t\t\t\t\t\t<div class=\"tf_lazy slide-image gallery-icon\">\n\t\t\t\t\t\t\t<a href=\"https:\/\/jugoscanary.co\/wp-content\/uploads\/2024\/04\/A-16-scaled.jpg\" class=\"themify_lightbox\"><img src=\"data:image\/svg+xml,%3Csvg%20xmlns=%27http:\/\/www.w3.org\/2000\/svg%27%20width='600'%20height='500'%20viewBox=%270%200%20600%20500%27%3E%3C\/svg%3E\" loading=\"lazy\" data-lazy=\"1\" data-tf-not-load=\"1\" style=\"background:linear-gradient(to right,#ecefe6 25%,#e3e9df 25% 50%,#739a7b 50% 75%,#e5eae3 75%),linear-gradient(to right,#eaf0e6 25%,#f1f6ef 25% 50%,#cac2af 50% 75%,#dde2db 75%),linear-gradient(to right,#d2dc01 25%,#f6fbf5 25% 50%,#b98259 50% 75%,#ebf1f1 75%),linear-gradient(to right,#95b401 25%,#f4ef22 25% 50%,#a17907 50% 75%,#d5df4b 75%)\" decoding=\"async\" data-tf-src=\"https:\/\/jugoscanary.co\/wp-content\/uploads\/2024\/04\/A-16-683x1024-600x500.jpg\" width=\"600\" height=\"500\" class=\"tf_svg_lazy wp-post-image wp-image-2134\" title=\"A (16)\" alt=\"A (16)\"><noscript><img loading=\"lazy\" decoding=\"async\" data-tf-not-load src=\"https:\/\/jugoscanary.co\/wp-content\/uploads\/2024\/04\/A-16-683x1024-600x500.jpg\" width=\"600\" height=\"500\" class=\"wp-post-image wp-image-2134\" title=\"A (16)\" alt=\"A (16)\"><\/noscript><\/a>\t\t\t\t\t\t\t<\/div>\n\t\t\t\t\t\t\t\t\t\t\t\t\t<\/div><\/div>\n\t\t\t\t\t\t\t\t\t<div class=\"tf_swiper-slide\" style=\"display:none\">\n\t\t\t\t\t\t<div class=\"slide-inner-wrap\">\n\t\t\t\t\t\t\t<div class=\"tf_lazy slide-image gallery-icon\">\n\t\t\t\t\t\t\t<a href=\"https:\/\/jugoscanary.co\/wp-content\/uploads\/2024\/04\/A-2-scaled.jpg\" class=\"themify_lightbox\"><img src=\"data:image\/svg+xml,%3Csvg%20xmlns=%27http:\/\/www.w3.org\/2000\/svg%27%20width='600'%20height='500'%20viewBox=%270%200%20600%20500%27%3E%3C\/svg%3E\" loading=\"lazy\" data-lazy=\"1\" data-tf-not-load=\"1\" style=\"background:linear-gradient(to right,#f9f7ea 25%,#eaebdd 25% 50%,#bbab94 50% 75%,#b1b3b0 75%),linear-gradient(to right,#f0efdd 25%,#eef0e2 25% 50%,#ced4ca 50% 75%,#c1c2ba 75%),linear-gradient(to right,#faac01 25%,#fcf6e6 25% 50%,#cbaea8 50% 75%,#eca900 75%),linear-gradient(to right,#1f3602 25%,#ea981b 25% 50%,#4d5701 50% 75%,#414603 75%)\" decoding=\"async\" data-tf-src=\"https:\/\/jugoscanary.co\/wp-content\/uploads\/2024\/04\/A-2-683x1024-600x500.jpg\" width=\"600\" height=\"500\" class=\"tf_svg_lazy wp-post-image wp-image-2120\" title=\"A (2)\" alt=\"A (2)\"><noscript><img loading=\"lazy\" decoding=\"async\" data-tf-not-load src=\"https:\/\/jugoscanary.co\/wp-content\/uploads\/2024\/04\/A-2-683x1024-600x500.jpg\" width=\"600\" height=\"500\" class=\"wp-post-image wp-image-2120\" title=\"A (2)\" alt=\"A (2)\"><\/noscript><\/a>\t\t\t\t\t\t\t<\/div>\n\t\t\t\t\t\t\t\t\t\t\t\t\t<\/div><\/div>\n\t\t\t\t\t\t\t<\/div>\n\t\t<\/div>\n\t\t\t\t\t<div class=\"themify_builder_slider_vertical tf_rel\">\n\t\t\t\t<div class=\"tf_swiper-container tf_carousel themify_builder_slider tb_hgu7838_thumbs tf_swiper-thumbs tf_rel tf_overflow\"\n\t\t\t  data-lazy=\"1\"\t\t\t\tdata-pager=\"0\"\n\t\t\t\tdata-speed=\"1\"\n\t\t\t\tdata-slider_nav=\"1\"\n\t\t\t\tdata-wrapvar=\"1\"\n\t\t\t\tdata-height=\"variable\"\n\t\t\t\t\t\t\t\t\t\t\t\t\t\t\t\t\t\t\tdata-thumbs-id=\"tb_hgu7838_thumbs\"\n\t\t\t\t\t\t\t\t\t\t\t\t \t\t\t\tdata-visible=\"3\" \n\t\t\t\tdata-tab-visible=\"1\"\n\t\t\t\tdata-mob-visible=\"\"\n\t\t\t\tdata-scroll=\"1\"\n\t\t\t\t\t\t\t \t\t\t>\n\t\t\t<div class=\"tf_swiper-wrapper tf_lazy tf_rel tf_w tf_h tf_textc\">\n\t\t\t\t\t\t\t\t\t\t\t\t\t<div class=\"tf_swiper-slide\" style=\"\">\n\t\t\t\t\t\t<div class=\"slide-inner-wrap\">\n\t\t\t\t\t\t\t<div class=\"tf_lazy slide-image gallery-icon\">\n\t\t\t\t\t\t\t<img src=\"data:image\/svg+xml,%3Csvg%20xmlns=%27http:\/\/www.w3.org\/2000\/svg%27%20width='200'%20height='200'%20viewBox=%270%200%20200%20200%27%3E%3C\/svg%3E\" loading=\"lazy\" data-lazy=\"1\" data-tf-not-load=\"1\" style=\"background:linear-gradient(to right,#e7e9de 25%,#ff6e69 25% 50%,#dbded5 50% 75%,#cfd4cd 75%),linear-gradient(to right,#f4f5ed 25%,#d28679 25% 50%,#e9ece3 50% 75%,#d3d8d1 75%),linear-gradient(to right,#cf3341 25%,#dbac82 25% 50%,#d9ded7 50% 75%,#d3ded6 75%),linear-gradient(to right,#f2ebe5 25%,#911225 25% 50%,#cadacf 50% 75%,#8e6166 75%)\" decoding=\"async\" data-tf-src=\"https:\/\/jugoscanary.co\/wp-content\/uploads\/2024\/04\/A-18-1024x901-200x200.jpg\" width=\"200\" height=\"200\" class=\"tf_svg_lazy wp-post-image wp-image-2136\" title=\"A (18)\" alt=\"A (18)\" data-tf-srcset=\"https:\/\/jugoscanary.co\/wp-content\/uploads\/2024\/04\/A-18-1024x901-200x200.jpg 200w, https:\/\/jugoscanary.co\/wp-content\/uploads\/2024\/04\/A-18-150x150.jpg 150w, https:\/\/jugoscanary.co\/wp-content\/uploads\/2024\/04\/A-18-1024x901-400x400.jpg 400w, https:\/\/jugoscanary.co\/wp-content\/uploads\/2024\/04\/A-18-1024x901-100x100.jpg 100w, https:\/\/jugoscanary.co\/wp-content\/uploads\/2024\/04\/A-18-1024x901-250x250.jpg 250w, https:\/\/jugoscanary.co\/wp-content\/uploads\/2024\/04\/A-18-1024x901-133x133.jpg 133w\" data-tf-sizes=\"(max-width: 200px) 100vw, 200px\" \/><noscript><img loading=\"lazy\" decoding=\"async\" data-tf-not-load src=\"https:\/\/jugoscanary.co\/wp-content\/uploads\/2024\/04\/A-18-1024x901-200x200.jpg\" width=\"200\" height=\"200\" class=\"wp-post-image wp-image-2136\" title=\"A (18)\" alt=\"A (18)\" srcset=\"https:\/\/jugoscanary.co\/wp-content\/uploads\/2024\/04\/A-18-1024x901-200x200.jpg 200w, https:\/\/jugoscanary.co\/wp-content\/uploads\/2024\/04\/A-18-150x150.jpg 150w, https:\/\/jugoscanary.co\/wp-content\/uploads\/2024\/04\/A-18-1024x901-400x400.jpg 400w, https:\/\/jugoscanary.co\/wp-content\/uploads\/2024\/04\/A-18-1024x901-100x100.jpg 100w, https:\/\/jugoscanary.co\/wp-content\/uploads\/2024\/04\/A-18-1024x901-250x250.jpg 250w, https:\/\/jugoscanary.co\/wp-content\/uploads\/2024\/04\/A-18-1024x901-133x133.jpg 133w\" sizes=\"(max-width: 200px) 100vw, 200px\" \/><\/noscript>\t\t\t\t\t\t\t<\/div>\n\t\t\t\t\t\t\t\t\t\t\t\t\t<\/div><\/div>\n\t\t\t\t\t\t\t\t\t<div class=\"tf_swiper-slide\" style=\"\">\n\t\t\t\t\t\t<div class=\"slide-inner-wrap\">\n\t\t\t\t\t\t\t<div class=\"tf_lazy slide-image gallery-icon\">\n\t\t\t\t\t\t\t<img src=\"data:image\/svg+xml,%3Csvg%20xmlns=%27http:\/\/www.w3.org\/2000\/svg%27%20width='200'%20height='200'%20viewBox=%270%200%20200%20200%27%3E%3C\/svg%3E\" loading=\"lazy\" data-lazy=\"1\" data-tf-not-load=\"1\" style=\"background:linear-gradient(to right,#e7eadf 25%,#eff5eb 25% 50%,#a0c1a4 50% 75%,#d9ded7 75%),linear-gradient(to right,#e9efe5 25%,#eff4ed 25% 50%,#cac5af 50% 75%,#e4e9e3 75%),linear-gradient(to right,#ccd403 25%,#f5f8ed 25% 50%,#bd865f 50% 75%,#e9efef 75%),linear-gradient(to right,#6ca100 25%,#eeeb10 25% 50%,#b9b949 50% 75%,#e9ed10 75%)\" decoding=\"async\" data-tf-src=\"https:\/\/jugoscanary.co\/wp-content\/uploads\/2024\/04\/A-16-683x1024-200x200.jpg\" width=\"200\" height=\"200\" class=\"tf_svg_lazy wp-post-image wp-image-2134\" title=\"A (16)\" alt=\"A (16)\" data-tf-srcset=\"https:\/\/jugoscanary.co\/wp-content\/uploads\/2024\/04\/A-16-683x1024-200x200.jpg 200w, https:\/\/jugoscanary.co\/wp-content\/uploads\/2024\/04\/A-16-150x150.jpg 150w, https:\/\/jugoscanary.co\/wp-content\/uploads\/2024\/04\/A-16-683x1024-400x400.jpg 400w, https:\/\/jugoscanary.co\/wp-content\/uploads\/2024\/04\/A-16-683x1024-100x100.jpg 100w, https:\/\/jugoscanary.co\/wp-content\/uploads\/2024\/04\/A-16-683x1024-250x250.jpg 250w, https:\/\/jugoscanary.co\/wp-content\/uploads\/2024\/04\/A-16-683x1024-133x133.jpg 133w\" data-tf-sizes=\"(max-width: 200px) 100vw, 200px\" \/><noscript><img loading=\"lazy\" decoding=\"async\" data-tf-not-load src=\"https:\/\/jugoscanary.co\/wp-content\/uploads\/2024\/04\/A-16-683x1024-200x200.jpg\" width=\"200\" height=\"200\" class=\"wp-post-image wp-image-2134\" title=\"A (16)\" alt=\"A (16)\" srcset=\"https:\/\/jugoscanary.co\/wp-content\/uploads\/2024\/04\/A-16-683x1024-200x200.jpg 200w, https:\/\/jugoscanary.co\/wp-content\/uploads\/2024\/04\/A-16-150x150.jpg 150w, https:\/\/jugoscanary.co\/wp-content\/uploads\/2024\/04\/A-16-683x1024-400x400.jpg 400w, https:\/\/jugoscanary.co\/wp-content\/uploads\/2024\/04\/A-16-683x1024-100x100.jpg 100w, https:\/\/jugoscanary.co\/wp-content\/uploads\/2024\/04\/A-16-683x1024-250x250.jpg 250w, https:\/\/jugoscanary.co\/wp-content\/uploads\/2024\/04\/A-16-683x1024-133x133.jpg 133w\" sizes=\"(max-width: 200px) 100vw, 200px\" \/><\/noscript>\t\t\t\t\t\t\t<\/div>\n\t\t\t\t\t\t\t\t\t\t\t\t\t<\/div><\/div>\n\t\t\t\t\t\t\t\t\t<div class=\"tf_swiper-slide\" style=\"\">\n\t\t\t\t\t\t<div class=\"slide-inner-wrap\">\n\t\t\t\t\t\t\t<div class=\"tf_lazy slide-image gallery-icon\">\n\t\t\t\t\t\t\t<img src=\"data:image\/svg+xml,%3Csvg%20xmlns=%27http:\/\/www.w3.org\/2000\/svg%27%20width='200'%20height='200'%20viewBox=%270%200%20200%20200%27%3E%3C\/svg%3E\" loading=\"lazy\" data-lazy=\"1\" data-tf-not-load=\"1\" style=\"background:linear-gradient(to right,#eeedd9 25%,#d8d7c3 25% 50%,#c9d0c8 50% 75%,#b1b3b0 75%),linear-gradient(to right,#f8f6ea 25%,#e9ebdd 25% 50%,#c7cac3 50% 75%,#bdc0b7 75%),linear-gradient(to right,#f9b202 25%,#fefbec 25% 50%,#cc9b56 50% 75%,#f0ae02 75%),linear-gradient(to right,#838776 25%,#186821 25% 50%,#ab3505 50% 75%,#303b1b 75%)\" decoding=\"async\" data-tf-src=\"https:\/\/jugoscanary.co\/wp-content\/uploads\/2024\/04\/A-2-683x1024-200x200.jpg\" width=\"200\" height=\"200\" class=\"tf_svg_lazy wp-post-image wp-image-2120\" title=\"A (2)\" alt=\"A (2)\" data-tf-srcset=\"https:\/\/jugoscanary.co\/wp-content\/uploads\/2024\/04\/A-2-683x1024-200x200.jpg 200w, https:\/\/jugoscanary.co\/wp-content\/uploads\/2024\/04\/A-2-150x150.jpg 150w, https:\/\/jugoscanary.co\/wp-content\/uploads\/2024\/04\/A-2-683x1024-400x400.jpg 400w, https:\/\/jugoscanary.co\/wp-content\/uploads\/2024\/04\/A-2-683x1024-100x100.jpg 100w, https:\/\/jugoscanary.co\/wp-content\/uploads\/2024\/04\/A-2-683x1024-250x250.jpg 250w, https:\/\/jugoscanary.co\/wp-content\/uploads\/2024\/04\/A-2-683x1024-133x133.jpg 133w\" data-tf-sizes=\"(max-width: 200px) 100vw, 200px\" \/><noscript><img loading=\"lazy\" decoding=\"async\" data-tf-not-load src=\"https:\/\/jugoscanary.co\/wp-content\/uploads\/2024\/04\/A-2-683x1024-200x200.jpg\" width=\"200\" height=\"200\" class=\"wp-post-image wp-image-2120\" title=\"A (2)\" alt=\"A (2)\" srcset=\"https:\/\/jugoscanary.co\/wp-content\/uploads\/2024\/04\/A-2-683x1024-200x200.jpg 200w, https:\/\/jugoscanary.co\/wp-content\/uploads\/2024\/04\/A-2-150x150.jpg 150w, https:\/\/jugoscanary.co\/wp-content\/uploads\/2024\/04\/A-2-683x1024-400x400.jpg 400w, https:\/\/jugoscanary.co\/wp-content\/uploads\/2024\/04\/A-2-683x1024-100x100.jpg 100w, https:\/\/jugoscanary.co\/wp-content\/uploads\/2024\/04\/A-2-683x1024-250x250.jpg 250w, https:\/\/jugoscanary.co\/wp-content\/uploads\/2024\/04\/A-2-683x1024-133x133.jpg 133w\" sizes=\"(max-width: 200px) 100vw, 200px\" \/><\/noscript>\t\t\t\t\t\t\t<\/div>\n\t\t\t\t\t\t\t\t\t\t\t\t\t<\/div><\/div>\n\t\t\t\t\t\t\t<\/div>\n\t\t<\/div>\n\t\t\t\t<\/div>\n\t<\/div>\n<!-- \/module gallery --><!-- module plain text -->\n<div  class=\"module module-plain-text tb_1x6k85 \" data-lazy=\"1\">\n        <div class=\"tb_text_wrap\">\n\t<div style=\"text-align: center;\"><a href=\"https:\/\/wa.me\/573118352793?text=M\u00e1s%20informaci\u00f3n%20de%20los%20N\u00e9ctares\" target=\"_blank\" rel=\"noopener\"><img decoding=\"async\" src=\"http:\/\/jugoscanary.co\/wp-content\/uploads\/2024\/04\/WhatsAppButtonGreenMedium.png\" \/><\/a>\n<\/div>    <\/div>\n<\/div>\n<!-- \/module plain text -->\t\t<\/div>\n\t\t\t\t\t<div  data-lazy=\"1\" class=\"module_column tb-column col4-2 tb_icn928 last\">\n\t\t\t\t\t<!-- module text -->\n<div  class=\"module module-text tb_vhfc183   \" data-lazy=\"1\">\n\t    <div  class=\"tb_text_wrap\">\n\t\t<h4>Caracter\u00edsticas<\/h4>\n<ul>\n<li>\n<p><strong>Concentraci\u00f3n Natural:<\/strong> Utilizamos jugo (zumo) y\/o pulpa de fruta concentrados, cuidadosamente seleccionados, para garantizar la m\u00e1xima calidad y frescura en cada botella.<\/p>\n<\/li>\n<li>\n<p><strong>Ajuste del Contenido:<\/strong> Nuestros n\u00e9ctares tienen un porcentaje variable de concentrado, dependiendo de la variedad de fruta, lo que asegura una experiencia de sabor \u00fanica en cada variedad.<\/p>\n<\/li>\n<li>\n<p><strong>Aditivos Permitidos:<\/strong> A\u00f1adimos solo aditivos permitidos, cuidando la salud y el bienestar de nuestros consumidores.<\/p>\n<\/li>\n<li>\n<p><strong>Bajo en Az\u00facar:<\/strong> Conscientes de la importancia de una alimentaci\u00f3n equilibrada, nuestros n\u00e9ctares son bajos en az\u00facar, permitiendo disfrutar de su sabor delicioso sin comprometer tu salud.<\/p>\n<\/li>\n<\/ul>    <\/div>\n<\/div>\n<!-- \/module text -->\t\t<\/div>\n\t\t\t\t\t\t<\/div>\n\t\t<\/div>\n\t\t<\/div>\n<!--\/themify_builder_content-->","protected":false},"excerpt":{"rendered":"<p>N\u00e9ctares<\/p>\n","protected":false},"author":1,"featured_media":0,"parent":0,"menu_order":0,"comment_status":"closed","ping_status":"closed","template":"","meta":{"footnotes":""},"aioseo_notices":[],"builder_content":"<h3>N\u00e9ctares<\/h3>\n[gallery ids=\"2136,2134,2120\"]\n<a href=\"https:\/\/wa.me\/573118352793?text=M\u00e1s%20informaci\u00f3n%20de%20los%20N\u00e9ctares\" target=\"_blank\" rel=\"noopener\"><img decoding=\"async\" src=\"http:\/\/jugoscanary.co\/wp-content\/uploads\/2024\/04\/WhatsAppButtonGreenMedium.png\" \/><\/a>\n<h4>Caracter\u00edsticas<\/h4> <ul> <li> <p><strong>Concentraci\u00f3n Natural:<\/strong> Utilizamos jugo (zumo) y\/o pulpa de fruta concentrados, cuidadosamente seleccionados, para garantizar la m\u00e1xima calidad y frescura en cada botella.<\/p> <\/li> <li> <p><strong>Ajuste del Contenido:<\/strong> Nuestros n\u00e9ctares tienen un porcentaje variable de concentrado, dependiendo de la variedad de fruta, lo que asegura una experiencia de sabor \u00fanica en cada variedad.<\/p> <\/li> <li> <p><strong>Aditivos Permitidos:<\/strong> A\u00f1adimos solo aditivos permitidos, cuidando la salud y el bienestar de nuestros consumidores.<\/p> <\/li> <li> <p><strong>Bajo en Az\u00facar:<\/strong> Conscientes de la importancia de una alimentaci\u00f3n equilibrada, nuestros n\u00e9ctares son bajos en az\u00facar, permitiendo disfrutar de su sabor delicioso sin comprometer tu salud.<\/p> <\/li> <\/ul>","_links":{"self":[{"href":"https:\/\/jugoscanary.co\/index.php\/wp-json\/wp\/v2\/pages\/2363"}],"collection":[{"href":"https:\/\/jugoscanary.co\/index.php\/wp-json\/wp\/v2\/pages"}],"about":[{"href":"https:\/\/jugoscanary.co\/index.php\/wp-json\/wp\/v2\/types\/page"}],"author":[{"embeddable":true,"href":"https:\/\/jugoscanary.co\/index.php\/wp-json\/wp\/v2\/users\/1"}],"replies":[{"embeddable":true,"href":"https:\/\/jugoscanary.co\/index.php\/wp-json\/wp\/v2\/comments?post=2363"}],"version-history":[{"count":29,"href":"https:\/\/jugoscanary.co\/index.php\/wp-json\/wp\/v2\/pages\/2363\/revisions"}],"predecessor-version":[{"id":2536,"href":"https:\/\/jugoscanary.co\/index.php\/wp-json\/wp\/v2\/pages\/2363\/revisions\/2536"}],"wp:attachment":[{"href":"https:\/\/jugoscanary.co\/index.php\/wp-json\/wp\/v2\/media?parent=2363"}],"curies":[{"name":"wp","href":"https:\/\/api.w.org\/{rel}","templated":true}]}}