{"id":2373,"date":"2024-04-20T22:45:39","date_gmt":"2024-04-20T22:45:39","guid":{"rendered":"http:\/\/jugoscanary.co\/?page_id=2373"},"modified":"2024-07-15T21:12:01","modified_gmt":"2024-07-15T21:12:01","slug":"refrescos","status":"publish","type":"page","link":"https:\/\/jugoscanary.co\/index.php\/refrescos\/","title":{"rendered":"Refrescos"},"content":{"rendered":"<!--themify_builder_content-->\n<div id=\"themify_builder_content-2373\" data-postid=\"2373\" class=\"themify_builder_content themify_builder_content-2373 themify_builder tf_clear\">\n    \t\t\t\t<div  data-lazy=\"1\" class=\"module_row themify_builder_row tb_iydh831 tb_first tf_w\">\n\t\t\t\t\t\t<div class=\"row_inner col_align_top tb_col_count_2 tf_box tf_rel\">\n\t\t\t\t\t\t<div  data-lazy=\"1\" class=\"module_column tb-column col4-2 tb_us1n831 first\">\n\t\t\t\t\t<!-- module text -->\n<div  class=\"module module-text tb_213i182   \" data-lazy=\"1\">\n\t    <div  class=\"tb_text_wrap\">\n\t\t<h3>Refrescos<\/h3>    <\/div>\n<\/div>\n<!-- \/module text --><!-- module gallery -->\n<div  class=\"module gallery module-gallery tb_1oa1491 layout-slider  \" data-lazy=\"1\">\n    \t\t\t<div class=\"tf_swiper-container tf_carousel themify_builder_slider tf_rel tf_overflow\"\n\t\t\t  data-lazy=\"1\"\t\t\t\tdata-pager=\"0\"\n\t\t\t\tdata-speed=\"1\"\n\t\t\t\tdata-slider_nav=\"0\"\n\t\t\t\tdata-wrapvar=\"1\"\n\t\t\t\tdata-height=\"variable\"\n\t\t\t\t\t\t\t\t\tdata-effect=\"scroll\"\n\t\t\t\t\tdata-css_url=\"https:\/\/jugoscanary.co\/wp-content\/themes\/parallax\/themify\/themify-builder\/css\/modules\/sliders\/carousel,https:\/\/jugoscanary.co\/wp-content\/themes\/parallax\/themify\/themify-builder\/css\/modules\/sliders\/gallery\"\n\t\t\t\t\t\t\t\t\t\tdata-auto=\"4\"\n\t\t\t\t\tdata-pause_hover=\"1\"\n\t\t\t\t\t\t\t\t\t\t\t\t\t\t\t\t\t\t\t\t\t\t\t\t\t\t\t\tdata-thumbs=\"tb_1oa1491_thumbs\"\n\t\t\t\t\t\t\t\t\t\t\t\t \t\t\t>\n\t\t\t<div class=\"tf_swiper-wrapper tf_lazy tf_rel tf_w tf_h tf_textc\">\n\t\t\t\t\t\t\t\t\t\t\t\t\t<div class=\"tf_swiper-slide\" style=\"\">\n\t\t\t\t\t\t<div class=\"slide-inner-wrap\">\n\t\t\t\t\t\t\t<div class=\"tf_lazy slide-image gallery-icon\">\n\t\t\t\t\t\t\t<a href=\"https:\/\/jugoscanary.co\/wp-content\/uploads\/2024\/04\/A-26-scaled.jpg\" class=\"themify_lightbox\"><img src=\"data:image\/svg+xml,%3Csvg%20xmlns=%27http:\/\/www.w3.org\/2000\/svg%27%20width='2522'%20height='2560'%20viewBox=%270%200%202522%202560%27%3E%3C\/svg%3E\" loading=\"lazy\" data-lazy=\"1\" data-tf-not-load=\"1\" style=\"background:linear-gradient(to right,#dfdfdf 25%,#d2d0d3 25% 50%,#d2d1cf 50% 75%,#111b12 75%),linear-gradient(to right,#ebe9ea 25%,#f2f0f1 25% 50%,#e6ddd8 50% 75%,#b8833f 75%),linear-gradient(to right,#fbe26b 25%,#f5f5f7 25% 50%,#e2dedd 50% 75%,#e4b879 75%),linear-gradient(to right,#afb52f 25%,#f5f4f9 25% 50%,#d2c9de 50% 75%,#e79203 75%)\" decoding=\"async\" width=\"2522\" height=\"2560\" data-tf-src=\"https:\/\/jugoscanary.co\/wp-content\/uploads\/2024\/04\/A-26-scaled.jpg\" class=\"tf_svg_lazy wp-post-image wp-image-2144\" title=\"A (26)\" alt=\"A (26)\" data-tf-srcset=\"https:\/\/jugoscanary.co\/wp-content\/uploads\/2024\/04\/A-26-scaled.jpg 2522w, https:\/\/jugoscanary.co\/wp-content\/uploads\/2024\/04\/A-26-295x300.jpg 295w, https:\/\/jugoscanary.co\/wp-content\/uploads\/2024\/04\/A-26-1009x1024.jpg 1009w, https:\/\/jugoscanary.co\/wp-content\/uploads\/2024\/04\/A-26-768x780.jpg 768w, https:\/\/jugoscanary.co\/wp-content\/uploads\/2024\/04\/A-26-1513x1536.jpg 1513w, https:\/\/jugoscanary.co\/wp-content\/uploads\/2024\/04\/A-26-2017x2048.jpg 2017w\" data-tf-sizes=\"(max-width: 2522px) 100vw, 2522px\" \/><noscript><img loading=\"lazy\" decoding=\"async\" width=\"2522\" height=\"2560\" data-tf-not-load src=\"https:\/\/jugoscanary.co\/wp-content\/uploads\/2024\/04\/A-26-scaled.jpg\" class=\"wp-post-image wp-image-2144\" title=\"A (26)\" alt=\"A (26)\" srcset=\"https:\/\/jugoscanary.co\/wp-content\/uploads\/2024\/04\/A-26-scaled.jpg 2522w, https:\/\/jugoscanary.co\/wp-content\/uploads\/2024\/04\/A-26-295x300.jpg 295w, https:\/\/jugoscanary.co\/wp-content\/uploads\/2024\/04\/A-26-1009x1024.jpg 1009w, https:\/\/jugoscanary.co\/wp-content\/uploads\/2024\/04\/A-26-768x780.jpg 768w, https:\/\/jugoscanary.co\/wp-content\/uploads\/2024\/04\/A-26-1513x1536.jpg 1513w, https:\/\/jugoscanary.co\/wp-content\/uploads\/2024\/04\/A-26-2017x2048.jpg 2017w\" sizes=\"(max-width: 2522px) 100vw, 2522px\" \/><\/noscript><\/a>\t\t\t\t\t\t\t<\/div>\n\t\t\t\t\t\t\t\t\t\t\t\t\t<\/div><\/div>\n\t\t\t\t\t\t\t\t\t<div class=\"tf_swiper-slide\" style=\"display:none\">\n\t\t\t\t\t\t<div class=\"slide-inner-wrap\">\n\t\t\t\t\t\t\t<div class=\"tf_lazy slide-image gallery-icon\">\n\t\t\t\t\t\t\t<a href=\"https:\/\/jugoscanary.co\/wp-content\/uploads\/2024\/04\/A-25-scaled.jpg\" class=\"themify_lightbox\"><img src=\"data:image\/svg+xml,%3Csvg%20xmlns=%27http:\/\/www.w3.org\/2000\/svg%27%20width='2560'%20height='2323'%20viewBox=%270%200%202560%202323%27%3E%3C\/svg%3E\" loading=\"lazy\" data-lazy=\"1\" data-tf-not-load=\"1\" style=\"background:linear-gradient(to right,#d0d0d2 25%,#dddddd 25% 50%,#d7d7d7 50% 75%,#121409 75%),linear-gradient(to right,#e6e6e6 25%,#f0f0f2 25% 50%,#e2ddda 50% 75%,#907562 75%),linear-gradient(to right,#f5cf00 25%,#f4f4f6 25% 50%,#dcdadb 50% 75%,#c19274 75%),linear-gradient(to right,#909f06 25%,#edeef2 25% 50%,#d0d1e5 50% 75%,#e99801 75%)\" decoding=\"async\" width=\"2560\" height=\"2323\" data-tf-src=\"https:\/\/jugoscanary.co\/wp-content\/uploads\/2024\/04\/A-25-scaled.jpg\" class=\"tf_svg_lazy wp-post-image wp-image-2143\" title=\"A (25)\" alt=\"A (25)\" data-tf-srcset=\"https:\/\/jugoscanary.co\/wp-content\/uploads\/2024\/04\/A-25-scaled.jpg 2560w, https:\/\/jugoscanary.co\/wp-content\/uploads\/2024\/04\/A-25-300x272.jpg 300w, https:\/\/jugoscanary.co\/wp-content\/uploads\/2024\/04\/A-25-1024x929.jpg 1024w, https:\/\/jugoscanary.co\/wp-content\/uploads\/2024\/04\/A-25-768x697.jpg 768w, https:\/\/jugoscanary.co\/wp-content\/uploads\/2024\/04\/A-25-1536x1394.jpg 1536w, https:\/\/jugoscanary.co\/wp-content\/uploads\/2024\/04\/A-25-2048x1858.jpg 2048w\" data-tf-sizes=\"(max-width: 2560px) 100vw, 2560px\" \/><noscript><img loading=\"lazy\" decoding=\"async\" width=\"2560\" height=\"2323\" data-tf-not-load src=\"https:\/\/jugoscanary.co\/wp-content\/uploads\/2024\/04\/A-25-scaled.jpg\" class=\"wp-post-image wp-image-2143\" title=\"A (25)\" alt=\"A (25)\" srcset=\"https:\/\/jugoscanary.co\/wp-content\/uploads\/2024\/04\/A-25-scaled.jpg 2560w, https:\/\/jugoscanary.co\/wp-content\/uploads\/2024\/04\/A-25-300x272.jpg 300w, https:\/\/jugoscanary.co\/wp-content\/uploads\/2024\/04\/A-25-1024x929.jpg 1024w, https:\/\/jugoscanary.co\/wp-content\/uploads\/2024\/04\/A-25-768x697.jpg 768w, https:\/\/jugoscanary.co\/wp-content\/uploads\/2024\/04\/A-25-1536x1394.jpg 1536w, https:\/\/jugoscanary.co\/wp-content\/uploads\/2024\/04\/A-25-2048x1858.jpg 2048w\" sizes=\"(max-width: 2560px) 100vw, 2560px\" \/><\/noscript><\/a>\t\t\t\t\t\t\t<\/div>\n\t\t\t\t\t\t\t\t\t\t\t\t\t<\/div><\/div>\n\t\t\t\t\t\t\t\t\t<div class=\"tf_swiper-slide\" style=\"display:none\">\n\t\t\t\t\t\t<div class=\"slide-inner-wrap\">\n\t\t\t\t\t\t\t<div class=\"tf_lazy slide-image gallery-icon\">\n\t\t\t\t\t\t\t<a href=\"https:\/\/jugoscanary.co\/wp-content\/uploads\/2024\/04\/A-24-scaled.jpg\" class=\"themify_lightbox\"><img src=\"data:image\/svg+xml,%3Csvg%20xmlns=%27http:\/\/www.w3.org\/2000\/svg%27%20width='2560'%20height='2323'%20viewBox=%270%200%202560%202323%27%3E%3C\/svg%3E\" loading=\"lazy\" data-lazy=\"1\" data-tf-not-load=\"1\" style=\"background:linear-gradient(to right,#c2c0c1 25%,#d6d6d6 25% 50%,#d0cfcd 50% 75%,#040905 75%),linear-gradient(to right,#e6e4e5 25%,#f0f0f0 25% 50%,#e7e0da 50% 75%,#856d0d 75%),linear-gradient(to right,#f9c911 25%,#f6f6f8 25% 50%,#e2dedd 50% 75%,#7f5e3f 75%),linear-gradient(to right,#869401 25%,#e8e6e9 25% 50%,#ebebf5 50% 75%,#e08a01 75%)\" decoding=\"async\" width=\"2560\" height=\"2323\" data-tf-src=\"https:\/\/jugoscanary.co\/wp-content\/uploads\/2024\/04\/A-24-scaled.jpg\" class=\"tf_svg_lazy wp-post-image wp-image-2142\" title=\"A (24)\" alt=\"A (24)\" data-tf-srcset=\"https:\/\/jugoscanary.co\/wp-content\/uploads\/2024\/04\/A-24-scaled.jpg 2560w, https:\/\/jugoscanary.co\/wp-content\/uploads\/2024\/04\/A-24-300x272.jpg 300w, https:\/\/jugoscanary.co\/wp-content\/uploads\/2024\/04\/A-24-1024x929.jpg 1024w, https:\/\/jugoscanary.co\/wp-content\/uploads\/2024\/04\/A-24-768x697.jpg 768w, https:\/\/jugoscanary.co\/wp-content\/uploads\/2024\/04\/A-24-1536x1394.jpg 1536w, https:\/\/jugoscanary.co\/wp-content\/uploads\/2024\/04\/A-24-2048x1858.jpg 2048w\" data-tf-sizes=\"(max-width: 2560px) 100vw, 2560px\" \/><noscript><img loading=\"lazy\" decoding=\"async\" width=\"2560\" height=\"2323\" data-tf-not-load src=\"https:\/\/jugoscanary.co\/wp-content\/uploads\/2024\/04\/A-24-scaled.jpg\" class=\"wp-post-image wp-image-2142\" title=\"A (24)\" alt=\"A (24)\" srcset=\"https:\/\/jugoscanary.co\/wp-content\/uploads\/2024\/04\/A-24-scaled.jpg 2560w, https:\/\/jugoscanary.co\/wp-content\/uploads\/2024\/04\/A-24-300x272.jpg 300w, https:\/\/jugoscanary.co\/wp-content\/uploads\/2024\/04\/A-24-1024x929.jpg 1024w, https:\/\/jugoscanary.co\/wp-content\/uploads\/2024\/04\/A-24-768x697.jpg 768w, https:\/\/jugoscanary.co\/wp-content\/uploads\/2024\/04\/A-24-1536x1394.jpg 1536w, https:\/\/jugoscanary.co\/wp-content\/uploads\/2024\/04\/A-24-2048x1858.jpg 2048w\" sizes=\"(max-width: 2560px) 100vw, 2560px\" \/><\/noscript><\/a>\t\t\t\t\t\t\t<\/div>\n\t\t\t\t\t\t\t\t\t\t\t\t\t<\/div><\/div>\n\t\t\t\t\t\t\t\t\t<div class=\"tf_swiper-slide\" style=\"display:none\">\n\t\t\t\t\t\t<div class=\"slide-inner-wrap\">\n\t\t\t\t\t\t\t<div class=\"tf_lazy slide-image gallery-icon\">\n\t\t\t\t\t\t\t<a href=\"https:\/\/jugoscanary.co\/wp-content\/uploads\/2024\/04\/A-23-1-scaled.jpg\" class=\"themify_lightbox\"><img src=\"data:image\/svg+xml,%3Csvg%20xmlns=%27http:\/\/www.w3.org\/2000\/svg%27%20width='2560'%20height='2323'%20viewBox=%270%200%202560%202323%27%3E%3C\/svg%3E\" loading=\"lazy\" data-lazy=\"1\" data-tf-not-load=\"1\" style=\"background:linear-gradient(to right,#f8f6f7 25%,#ddd4d7 25% 50%,#f5f0ed 50% 75%,#736a61 75%),linear-gradient(to right,#f2eeed 25%,#f9cf2b 25% 50%,#f77a00 50% 75%,#ac754e 75%),linear-gradient(to right,#f7f5f8 25%,#f1c3b6 25% 50%,#efbfbb 50% 75%,#3a1b06 75%),linear-gradient(to right,#c4bcc7 25%,#f9f4f8 25% 50%,#fcfaff 50% 75%,#f8f7fc 75%)\" decoding=\"async\" width=\"2560\" height=\"2323\" data-tf-src=\"https:\/\/jugoscanary.co\/wp-content\/uploads\/2024\/04\/A-23-1-scaled.jpg\" class=\"tf_svg_lazy wp-post-image wp-image-2141\" title=\"A (23)\" alt=\"A (23)\" data-tf-srcset=\"https:\/\/jugoscanary.co\/wp-content\/uploads\/2024\/04\/A-23-1-scaled.jpg 2560w, https:\/\/jugoscanary.co\/wp-content\/uploads\/2024\/04\/A-23-1-300x272.jpg 300w, https:\/\/jugoscanary.co\/wp-content\/uploads\/2024\/04\/A-23-1-1024x929.jpg 1024w, https:\/\/jugoscanary.co\/wp-content\/uploads\/2024\/04\/A-23-1-768x697.jpg 768w, https:\/\/jugoscanary.co\/wp-content\/uploads\/2024\/04\/A-23-1-1536x1394.jpg 1536w, https:\/\/jugoscanary.co\/wp-content\/uploads\/2024\/04\/A-23-1-2048x1858.jpg 2048w\" data-tf-sizes=\"(max-width: 2560px) 100vw, 2560px\" \/><noscript><img loading=\"lazy\" decoding=\"async\" width=\"2560\" height=\"2323\" data-tf-not-load src=\"https:\/\/jugoscanary.co\/wp-content\/uploads\/2024\/04\/A-23-1-scaled.jpg\" class=\"wp-post-image wp-image-2141\" title=\"A (23)\" alt=\"A (23)\" srcset=\"https:\/\/jugoscanary.co\/wp-content\/uploads\/2024\/04\/A-23-1-scaled.jpg 2560w, https:\/\/jugoscanary.co\/wp-content\/uploads\/2024\/04\/A-23-1-300x272.jpg 300w, https:\/\/jugoscanary.co\/wp-content\/uploads\/2024\/04\/A-23-1-1024x929.jpg 1024w, https:\/\/jugoscanary.co\/wp-content\/uploads\/2024\/04\/A-23-1-768x697.jpg 768w, https:\/\/jugoscanary.co\/wp-content\/uploads\/2024\/04\/A-23-1-1536x1394.jpg 1536w, https:\/\/jugoscanary.co\/wp-content\/uploads\/2024\/04\/A-23-1-2048x1858.jpg 2048w\" sizes=\"(max-width: 2560px) 100vw, 2560px\" \/><\/noscript><\/a>\t\t\t\t\t\t\t<\/div>\n\t\t\t\t\t\t\t\t\t\t\t\t\t<\/div><\/div>\n\t\t\t\t\t\t\t<\/div>\n\t\t<\/div>\n\t\t\t\t\t<div class=\"themify_builder_slider_vertical tf_rel\">\n\t\t\t\t<div class=\"tf_swiper-container tf_carousel themify_builder_slider tb_1oa1491_thumbs tf_swiper-thumbs tf_rel tf_overflow\"\n\t\t\t  data-lazy=\"1\"\t\t\t\tdata-pager=\"1\"\n\t\t\t\tdata-speed=\"1\"\n\t\t\t\tdata-slider_nav=\"1\"\n\t\t\t\tdata-wrapvar=\"1\"\n\t\t\t\tdata-height=\"variable\"\n\t\t\t\t\t\t\t\t\t\t\t\t\t\t\t\t\t\t\tdata-thumbs-id=\"tb_1oa1491_thumbs\"\n\t\t\t\t\t\t\t\t\t\t\t\t \t\t\t\tdata-visible=\"4\" \n\t\t\t\tdata-tab-visible=\"1\"\n\t\t\t\tdata-mob-visible=\"\"\n\t\t\t\tdata-scroll=\"1\"\n\t\t\t\t\t\t\t \t\t\t>\n\t\t\t<div class=\"tf_swiper-wrapper tf_lazy tf_rel tf_w tf_h tf_textc\">\n\t\t\t\t\t\t\t\t\t\t\t\t\t<div class=\"tf_swiper-slide\" style=\"\">\n\t\t\t\t\t\t<div class=\"slide-inner-wrap\">\n\t\t\t\t\t\t\t<div class=\"tf_lazy slide-image gallery-icon\">\n\t\t\t\t\t\t\t<img src=\"data:image\/svg+xml,%3Csvg%20xmlns=%27http:\/\/www.w3.org\/2000\/svg%27%20width='300'%20height='200'%20viewBox=%270%200%20300%20200%27%3E%3C\/svg%3E\" loading=\"lazy\" data-lazy=\"1\" data-tf-not-load=\"1\" style=\"background:linear-gradient(to right,#dadada 25%,#d5d1d2 25% 50%,#d9d4d1 50% 75%,#56452b 75%),linear-gradient(to right,#eeeaeb 25%,#eeeced 25% 50%,#f2ebe5 50% 75%,#a46402 75%),linear-gradient(to right,#fadb35 25%,#f2f2f2 25% 50%,#e2dedb 50% 75%,#9a3c09 75%),linear-gradient(to right,#ece63a 25%,#ebeaef 25% 50%,#f1f0f6 50% 75%,#fbc004 75%)\" decoding=\"async\" data-tf-src=\"https:\/\/jugoscanary.co\/wp-content\/uploads\/2024\/04\/A-26-1009x1024-300x200.jpg\" width=\"300\" height=\"200\" class=\"tf_svg_lazy wp-post-image wp-image-2144\" title=\"A (26)\" alt=\"A (26)\"><noscript><img loading=\"lazy\" decoding=\"async\" data-tf-not-load src=\"https:\/\/jugoscanary.co\/wp-content\/uploads\/2024\/04\/A-26-1009x1024-300x200.jpg\" width=\"300\" height=\"200\" class=\"wp-post-image wp-image-2144\" title=\"A (26)\" alt=\"A (26)\"><\/noscript>\t\t\t\t\t\t\t<\/div>\n\t\t\t\t\t\t\t\t\t\t\t\t\t<\/div><\/div>\n\t\t\t\t\t\t\t\t\t<div class=\"tf_swiper-slide\" style=\"\">\n\t\t\t\t\t\t<div class=\"slide-inner-wrap\">\n\t\t\t\t\t\t\t<div class=\"tf_lazy slide-image gallery-icon\">\n\t\t\t\t\t\t\t<img src=\"data:image\/svg+xml,%3Csvg%20xmlns=%27http:\/\/www.w3.org\/2000\/svg%27%20width='300'%20height='200'%20viewBox=%270%200%20300%20200%27%3E%3C\/svg%3E\" loading=\"lazy\" data-lazy=\"1\" data-tf-not-load=\"1\" style=\"background:linear-gradient(to right,#dbdbdd 25%,#e4e4e6 25% 50%,#cecac9 50% 75%,#080808 75%),linear-gradient(to right,#eae8e9 25%,#e9e9eb 25% 50%,#e8e3df 50% 75%,#33380f 75%),linear-gradient(to right,#fbcf0e 25%,#f6f6f8 25% 50%,#dcdbd9 50% 75%,#c99566 75%),linear-gradient(to right,#cbca4b 25%,#f4f5fa 25% 50%,#fafafc 50% 75%,#f9be00 75%)\" decoding=\"async\" data-tf-src=\"https:\/\/jugoscanary.co\/wp-content\/uploads\/2024\/04\/A-25-1024x929-300x200.jpg\" width=\"300\" height=\"200\" class=\"tf_svg_lazy wp-post-image wp-image-2143\" title=\"A (25)\" alt=\"A (25)\"><noscript><img loading=\"lazy\" decoding=\"async\" data-tf-not-load src=\"https:\/\/jugoscanary.co\/wp-content\/uploads\/2024\/04\/A-25-1024x929-300x200.jpg\" width=\"300\" height=\"200\" class=\"wp-post-image wp-image-2143\" title=\"A (25)\" alt=\"A (25)\"><\/noscript>\t\t\t\t\t\t\t<\/div>\n\t\t\t\t\t\t\t\t\t\t\t\t\t<\/div><\/div>\n\t\t\t\t\t\t\t\t\t<div class=\"tf_swiper-slide\" style=\"\">\n\t\t\t\t\t\t<div class=\"slide-inner-wrap\">\n\t\t\t\t\t\t\t<div class=\"tf_lazy slide-image gallery-icon\">\n\t\t\t\t\t\t\t<img src=\"data:image\/svg+xml,%3Csvg%20xmlns=%27http:\/\/www.w3.org\/2000\/svg%27%20width='300'%20height='200'%20viewBox=%270%200%20300%20200%27%3E%3C\/svg%3E\" loading=\"lazy\" data-lazy=\"1\" data-tf-not-load=\"1\" style=\"background:linear-gradient(to right,#dcdcdc 25%,#e0dedf 25% 50%,#d4d0cf 50% 75%,#1a1c11 75%),linear-gradient(to right,#ebe9ea 25%,#ebe9ea 25% 50%,#f0e9e3 50% 75%,#c18700 75%),linear-gradient(to right,#f7c409 25%,#f5f5f3 25% 50%,#ddd9d8 50% 75%,#af5308 75%),linear-gradient(to right,#aaaf51 25%,#f1edea 25% 50%,#fafafc 50% 75%,#febc04 75%)\" decoding=\"async\" data-tf-src=\"https:\/\/jugoscanary.co\/wp-content\/uploads\/2024\/04\/A-24-1024x929-300x200.jpg\" width=\"300\" height=\"200\" class=\"tf_svg_lazy wp-post-image wp-image-2142\" title=\"A (24)\" alt=\"A (24)\"><noscript><img loading=\"lazy\" decoding=\"async\" data-tf-not-load src=\"https:\/\/jugoscanary.co\/wp-content\/uploads\/2024\/04\/A-24-1024x929-300x200.jpg\" width=\"300\" height=\"200\" class=\"wp-post-image wp-image-2142\" title=\"A (24)\" alt=\"A (24)\"><\/noscript>\t\t\t\t\t\t\t<\/div>\n\t\t\t\t\t\t\t\t\t\t\t\t\t<\/div><\/div>\n\t\t\t\t\t\t\t\t\t<div class=\"tf_swiper-slide\" style=\"\">\n\t\t\t\t\t\t<div class=\"slide-inner-wrap\">\n\t\t\t\t\t\t\t<div class=\"tf_lazy slide-image gallery-icon\">\n\t\t\t\t\t\t\t<img src=\"data:image\/svg+xml,%3Csvg%20xmlns=%27http:\/\/www.w3.org\/2000\/svg%27%20width='300'%20height='200'%20viewBox=%270%200%20300%20200%27%3E%3C\/svg%3E\" loading=\"lazy\" data-lazy=\"1\" data-tf-not-load=\"1\" style=\"background:linear-gradient(to right,#fbf7f6 25%,#dcd3ce 25% 50%,#f3ebe8 50% 75%,#62503a 75%),linear-gradient(to right,#f8f4f5 25%,#f9bc00 25% 50%,#fb7708 50% 75%,#de8b13 75%),linear-gradient(to right,#fdfbfc 25%,#f6a202 25% 50%,#f13104 50% 75%,#ccad6d 75%),linear-gradient(to right,#fbfdf8 25%,#cd1d06 25% 50%,#9c0000 50% 75%,#d2cfda 75%)\" decoding=\"async\" data-tf-src=\"https:\/\/jugoscanary.co\/wp-content\/uploads\/2024\/04\/A-23-1-1024x929-300x200.jpg\" width=\"300\" height=\"200\" class=\"tf_svg_lazy wp-post-image wp-image-2141\" title=\"A (23)\" alt=\"A (23)\"><noscript><img loading=\"lazy\" decoding=\"async\" data-tf-not-load src=\"https:\/\/jugoscanary.co\/wp-content\/uploads\/2024\/04\/A-23-1-1024x929-300x200.jpg\" width=\"300\" height=\"200\" class=\"wp-post-image wp-image-2141\" title=\"A (23)\" alt=\"A (23)\"><\/noscript>\t\t\t\t\t\t\t<\/div>\n\t\t\t\t\t\t\t\t\t\t\t\t\t<\/div><\/div>\n\t\t\t\t\t\t\t<\/div>\n\t\t<\/div>\n\t\t\t\t<\/div>\n\t<\/div>\n<!-- \/module gallery --><!-- module plain text -->\n<div  class=\"module module-plain-text tb_1x6k85 \" data-lazy=\"1\">\n        <div class=\"tb_text_wrap\">\n\t<div style=\"text-align: center;\"><a href=\"https:\/\/wa.me\/573118352793?text=M\u00e1s%20informaci\u00f3n%20de%20los%20N\u00e9ctares\" target=\"_blank\" rel=\"noopener\"><img decoding=\"async\" src=\"http:\/\/jugoscanary.co\/wp-content\/uploads\/2024\/04\/WhatsAppButtonGreenMedium.png\" \/><\/a>\n<\/div>    <\/div>\n<\/div>\n<!-- \/module plain text -->\t\t<\/div>\n\t\t\t\t\t<div  data-lazy=\"1\" class=\"module_column tb-column col4-2 tb_icn928 last\">\n\t\t\t\t\t<!-- module text -->\n<div  class=\"module module-text tb_vhfc183   \" data-lazy=\"1\">\n\t    <div  class=\"tb_text_wrap\">\n\t\t<h4>Caracter\u00edsticas<\/h4>\n<ul>\n<li>\n<p><strong>Aditivos Permitidos:<\/strong> Siguiendo las regulaciones pertinentes, a\u00f1adimos solo aditivos permitidos, asegurando la seguridad y calidad de nuestros productos.<\/p>\n<\/li>\n<li>\n<p><strong>Tratamiento de Conservaci\u00f3n:<\/strong> Todos nuestros refrescos son sometidos a un tratamiento de conservaci\u00f3n que garantiza su frescura y calidad durante su vida \u00fatil.<\/p>\n<\/li>\n<li>\n<p><strong>Bajo en Az\u00facar:<\/strong> Conscientes de la importancia de una alimentaci\u00f3n saludable, nuestros refrescos son bajos en az\u00facar, permiti\u00e9ndote disfrutar del sabor delicioso sin comprometer tu bienestar.<\/p>\n<\/li>\n<\/ul>    <\/div>\n<\/div>\n<!-- \/module text --><!-- module buttons -->\n<div  class=\"module module-buttons tb_6l4l693 buttons-horizontal solid  \" data-lazy=\"1\">\n\t\t<div class=\"module-buttons-item tf_in_flx\">\n\t\t\t\t\t\t<a href=\"https:\/\/jugoscanary.co\/wp-content\/uploads\/2024\/07\/SELLOS-DE-ADVERTENCIA.jpg2_-1.png\" class=\"ui builder_button tf_in_flx red\" >\n\t\t\t\t\t\t\t\t\t\t\t\tSELLOS DE ADVERTENCIA\t\t\t\t\t\t\t\t\t\t<\/a>\n\t\t\t\t<\/div>\n\t\t\t<\/div>\n<!-- \/module buttons -->\n\t\t<\/div>\n\t\t\t\t\t\t<\/div>\n\t\t<\/div>\n\t\t<\/div>\n<!--\/themify_builder_content-->","protected":false},"excerpt":{"rendered":"<p>Refrescos<\/p>\n","protected":false},"author":1,"featured_media":0,"parent":0,"menu_order":0,"comment_status":"closed","ping_status":"closed","template":"","meta":{"footnotes":""},"aioseo_notices":[],"builder_content":"<h3>Refrescos<\/h3>\n[gallery ids=\"2144,2143,2142,2141\"]\n<a href=\"https:\/\/wa.me\/573118352793?text=M\u00e1s%20informaci\u00f3n%20de%20los%20N\u00e9ctares\" target=\"_blank\" rel=\"noopener\"><img decoding=\"async\" src=\"http:\/\/jugoscanary.co\/wp-content\/uploads\/2024\/04\/WhatsAppButtonGreenMedium.png\" \/><\/a>\n<h4>Caracter\u00edsticas<\/h4> <ul> <li> <p><strong>Aditivos Permitidos:<\/strong> Siguiendo las regulaciones pertinentes, a\u00f1adimos solo aditivos permitidos, asegurando la seguridad y calidad de nuestros productos.<\/p> <\/li> <li> <p><strong>Tratamiento de Conservaci\u00f3n:<\/strong> Todos nuestros refrescos son sometidos a un tratamiento de conservaci\u00f3n que garantiza su frescura y calidad durante su vida \u00fatil.<\/p> <\/li> <li> <p><strong>Bajo en Az\u00facar:<\/strong> Conscientes de la importancia de una alimentaci\u00f3n saludable, nuestros refrescos son bajos en az\u00facar, permiti\u00e9ndote disfrutar del sabor delicioso sin comprometer tu bienestar.<\/p> <\/li> <\/ul>\n<a href=\"https:\/\/jugoscanary.co\/wp-content\/uploads\/2024\/07\/SELLOS-DE-ADVERTENCIA.jpg2_-1.png\" > SELLOS DE ADVERTENCIA <\/a>","_links":{"self":[{"href":"https:\/\/jugoscanary.co\/index.php\/wp-json\/wp\/v2\/pages\/2373"}],"collection":[{"href":"https:\/\/jugoscanary.co\/index.php\/wp-json\/wp\/v2\/pages"}],"about":[{"href":"https:\/\/jugoscanary.co\/index.php\/wp-json\/wp\/v2\/types\/page"}],"author":[{"embeddable":true,"href":"https:\/\/jugoscanary.co\/index.php\/wp-json\/wp\/v2\/users\/1"}],"replies":[{"embeddable":true,"href":"https:\/\/jugoscanary.co\/index.php\/wp-json\/wp\/v2\/comments?post=2373"}],"version-history":[{"count":19,"href":"https:\/\/jugoscanary.co\/index.php\/wp-json\/wp\/v2\/pages\/2373\/revisions"}],"predecessor-version":[{"id":2610,"href":"https:\/\/jugoscanary.co\/index.php\/wp-json\/wp\/v2\/pages\/2373\/revisions\/2610"}],"wp:attachment":[{"href":"https:\/\/jugoscanary.co\/index.php\/wp-json\/wp\/v2\/media?parent=2373"}],"curies":[{"name":"wp","href":"https:\/\/api.w.org\/{rel}","templated":true}]}}