{"id":2417,"date":"2024-04-20T23:01:02","date_gmt":"2024-04-20T23:01:02","guid":{"rendered":"http:\/\/jugoscanary.co\/?page_id=2417"},"modified":"2024-04-20T23:03:40","modified_gmt":"2024-04-20T23:03:40","slug":"jaleas-2","status":"publish","type":"page","link":"https:\/\/jugoscanary.co\/index.php\/jaleas-2\/","title":{"rendered":"Jaleas"},"content":{"rendered":"<!--themify_builder_content-->\n<div id=\"themify_builder_content-2417\" data-postid=\"2417\" class=\"themify_builder_content themify_builder_content-2417 themify_builder tf_clear\">\n    \t\t\t\t<div  data-lazy=\"1\" class=\"module_row themify_builder_row tb_iydh831 tb_first tf_w\">\n\t\t\t\t\t\t<div class=\"row_inner col_align_top tb_col_count_2 tf_box tf_rel\">\n\t\t\t\t\t\t<div  data-lazy=\"1\" class=\"module_column tb-column col4-2 tb_us1n831 first\">\n\t\t\t\t\t<!-- module text -->\n<div  class=\"module module-text tb_213i182   \" data-lazy=\"1\">\n\t    <div  class=\"tb_text_wrap\">\n\t\t<h3><strong>Jaleas<\/strong><\/h3>    <\/div>\n<\/div>\n<!-- \/module text --><!-- module image -->\n<div  class=\"module module-image tb_ypz8182 image-center rounded drop-shadow bordered  tf_mw\" data-lazy=\"1\" data-lax-translate-y=\"(vh*1) 0,(vh*0) -70\" data-lax=\"true\">\n        <div class=\"image-wrap tf_rel tf_mw\">\n\t\t    <img loading=\"lazy\" decoding=\"async\" src=\"http:\/\/jugoscanary.co\/wp-content\/uploads\/2024\/04\/JALEAS-scaled.jpg\" width=\"498\" height=\"477\" title=\"Jaleas\" alt=\"Jaleas\">\t\n\t\t<\/div>\n\t<!-- \/image-wrap -->\n    \n    \t<\/div>\n<!-- \/module image --><!-- module plain text -->\n<div  class=\"module module-plain-text tb_1x6k85 \" data-lazy=\"1\">\n        <div class=\"tb_text_wrap\">\n\t<div style=\"text-align: center;\"><a href=\"https:\/\/wa.me\/573118352793?text=M\u00e1s%20informaci\u00f3n%20de%20los%20Pulpas pasteurizadas\" target=\"_blank\" rel=\"noopener\"><img decoding=\"async\" src=\"http:\/\/jugoscanary.co\/wp-content\/uploads\/2024\/04\/WhatsAppButtonGreenMedium.png\" \/><\/a>\n<\/div>    <\/div>\n<\/div>\n<!-- \/module plain text -->\t\t<\/div>\n\t\t\t\t\t<div  data-lazy=\"1\" class=\"module_column tb-column col4-2 tb_icn928 last\">\n\t\t\t\t\t<!-- module text -->\n<div  class=\"module module-text tb_vhfc183   \" data-lazy=\"1\">\n\t    <div  class=\"tb_text_wrap\">\n\t\t<h4>Caracter\u00edsticas<\/h4>\n<ul>\n<li>\n<p><strong>Elaboraci\u00f3n Artesanal:<\/strong> Cada lote de nuestras jaleas se prepara con esmero y dedicaci\u00f3n siguiendo recetas tradicionales, garantizando as\u00ed una calidad inigualable y un sabor aut\u00e9ntico en cada bocado.<\/p>\n<\/li>\n<li>\n<p><strong>Selecci\u00f3n de Frutas Frescas:<\/strong> Utilizamos solo las frutas m\u00e1s frescas y maduras en la elaboraci\u00f3n de nuestras jaleas, asegurando un sabor natural y vibrante que deleitar\u00e1 tus sentidos.<\/p>\n<\/li>\n<li>\n<p><strong>Textura Suave y Agradable:<\/strong> Nuestras jaleas tienen una textura suave y agradable que se desliza delicadamente sobre tus papilas gustativas, brind\u00e1ndote una experiencia sensorial \u00fanica y satisfactoria.<\/p>\n<\/li>\n<li>\n<p><strong>Versatilidad en la Cocina:<\/strong> Ya sea para acompa\u00f1ar tus tostadas en el desayuno, para rellenar tus postres favoritos o simplemente para disfrutarlas directamente del tarro, nuestras jaleas son el complemento perfecto para cualquier ocasi\u00f3n.<\/p>\n<\/li>\n<\/ul>    <\/div>\n<\/div>\n<!-- \/module text -->\t\t<\/div>\n\t\t\t\t\t\t<\/div>\n\t\t<\/div>\n\t\t<\/div>\n<!--\/themify_builder_content-->","protected":false},"excerpt":{"rendered":"<p>Jaleas<\/p>\n","protected":false},"author":1,"featured_media":0,"parent":0,"menu_order":0,"comment_status":"closed","ping_status":"closed","template":"","meta":{"footnotes":""},"aioseo_notices":[],"builder_content":"<h3><strong>Jaleas<\/strong><\/h3>\n<img src=\"http:\/\/jugoscanary.co\/wp-content\/uploads\/2024\/04\/JALEAS-scaled.jpg\" width=\"498\" height=\"477\" title=\"Jaleas\" alt=\"Jaleas\">\n<a href=\"https:\/\/wa.me\/573118352793?text=M\u00e1s%20informaci\u00f3n%20de%20los%20Pulpas pasteurizadas\" target=\"_blank\" rel=\"noopener\"><img decoding=\"async\" src=\"http:\/\/jugoscanary.co\/wp-content\/uploads\/2024\/04\/WhatsAppButtonGreenMedium.png\" \/><\/a>\n<h4>Caracter\u00edsticas<\/h4> <ul> <li> <p><strong>Elaboraci\u00f3n Artesanal:<\/strong> Cada lote de nuestras jaleas se prepara con esmero y dedicaci\u00f3n siguiendo recetas tradicionales, garantizando as\u00ed una calidad inigualable y un sabor aut\u00e9ntico en cada bocado.<\/p> <\/li> <li> <p><strong>Selecci\u00f3n de Frutas Frescas:<\/strong> Utilizamos solo las frutas m\u00e1s frescas y maduras en la elaboraci\u00f3n de nuestras jaleas, asegurando un sabor natural y vibrante que deleitar\u00e1 tus sentidos.<\/p> <\/li> <li> <p><strong>Textura Suave y Agradable:<\/strong> Nuestras jaleas tienen una textura suave y agradable que se desliza delicadamente sobre tus papilas gustativas, brind\u00e1ndote una experiencia sensorial \u00fanica y satisfactoria.<\/p> <\/li> <li> <p><strong>Versatilidad en la Cocina:<\/strong> Ya sea para acompa\u00f1ar tus tostadas en el desayuno, para rellenar tus postres favoritos o simplemente para disfrutarlas directamente del tarro, nuestras jaleas son el complemento perfecto para cualquier ocasi\u00f3n.<\/p> <\/li> <\/ul>","_links":{"self":[{"href":"https:\/\/jugoscanary.co\/index.php\/wp-json\/wp\/v2\/pages\/2417"}],"collection":[{"href":"https:\/\/jugoscanary.co\/index.php\/wp-json\/wp\/v2\/pages"}],"about":[{"href":"https:\/\/jugoscanary.co\/index.php\/wp-json\/wp\/v2\/types\/page"}],"author":[{"embeddable":true,"href":"https:\/\/jugoscanary.co\/index.php\/wp-json\/wp\/v2\/users\/1"}],"replies":[{"embeddable":true,"href":"https:\/\/jugoscanary.co\/index.php\/wp-json\/wp\/v2\/comments?post=2417"}],"version-history":[{"count":7,"href":"https:\/\/jugoscanary.co\/index.php\/wp-json\/wp\/v2\/pages\/2417\/revisions"}],"predecessor-version":[{"id":2425,"href":"https:\/\/jugoscanary.co\/index.php\/wp-json\/wp\/v2\/pages\/2417\/revisions\/2425"}],"wp:attachment":[{"href":"https:\/\/jugoscanary.co\/index.php\/wp-json\/wp\/v2\/media?parent=2417"}],"curies":[{"name":"wp","href":"https:\/\/api.w.org\/{rel}","templated":true}]}}