{"id":2426,"date":"2024-04-20T23:06:27","date_gmt":"2024-04-20T23:06:27","guid":{"rendered":"http:\/\/jugoscanary.co\/?page_id=2426"},"modified":"2024-12-23T16:22:44","modified_gmt":"2024-12-23T16:22:44","slug":"granizados-2","status":"publish","type":"page","link":"https:\/\/jugoscanary.co\/index.php\/granizados-2\/","title":{"rendered":"Granizados"},"content":{"rendered":"<!--themify_builder_content-->\n<div id=\"themify_builder_content-2426\" data-postid=\"2426\" class=\"themify_builder_content themify_builder_content-2426 themify_builder tf_clear\">\n    \t\t\t\t<div  data-lazy=\"1\" class=\"module_row themify_builder_row tb_iydh831 tb_first tf_w\">\n\t\t\t\t\t\t<div class=\"row_inner col_align_top tb_col_count_2 tf_box tf_rel\">\n\t\t\t\t\t\t<div  data-lazy=\"1\" class=\"module_column tb-column col4-2 tb_us1n831 first\">\n\t\t\t\t\t<!-- module text -->\n<div  class=\"module module-text tb_213i182   \" data-lazy=\"1\">\n\t    <div  class=\"tb_text_wrap\">\n\t\t<h3><strong>Granizados<\/strong><\/h3>    <\/div>\n<\/div>\n<!-- \/module text --><!-- module image -->\n<div  class=\"module module-image tb_ypz8182 image-center rounded drop-shadow bordered  tf_mw\" data-lazy=\"1\" data-lax-translate-y=\"(vh*1) 0,(vh*0) -70\" data-lax=\"true\">\n        <div class=\"image-wrap tf_rel tf_mw\">\n\t\t    <img loading=\"lazy\" decoding=\"async\" src=\"https:\/\/jugoscanary.co\/wp-content\/uploads\/2024\/12\/WhatsApp-Image-2024-12-23-at-11.01.41-AM-768x1024-498x477.jpeg\" width=\"498\" height=\"477\" class=\"wp-post-image wp-image-2617\" title=\"WhatsApp Image 2024-12-23 at 11.01.41 AM\" alt=\"WhatsApp Image 2024-12-23 at 11.01.41 AM\">\t\n\t\t<\/div>\n\t<!-- \/image-wrap -->\n    \n    \t<\/div>\n<!-- \/module image --><!-- module plain text -->\n<div  class=\"module module-plain-text tb_1x6k85 \" data-lazy=\"1\">\n        <div class=\"tb_text_wrap\">\n\t<div style=\"text-align: center;\"><a href=\"https:\/\/wa.me\/573118352793?text=M\u00e1s%20informaci\u00f3n%20de%20los%20Granizados\" target=\"_blank\" rel=\"noopener\"><img decoding=\"async\" src=\"http:\/\/jugoscanary.co\/wp-content\/uploads\/2024\/04\/WhatsAppButtonGreenMedium.png\" \/><\/a>\n<\/div>    <\/div>\n<\/div>\n<!-- \/module plain text -->\t\t<\/div>\n\t\t\t\t\t<div  data-lazy=\"1\" class=\"module_column tb-column col4-2 tb_icn928 last\">\n\t\t\t\t\t<!-- module text -->\n<div  class=\"module module-text tb_vhfc183   \" data-lazy=\"1\">\n\t    <div  class=\"tb_text_wrap\">\n\t\t<h4>Caracter\u00edsticas<\/h4>\n<ul>\n<li>\n<p><strong>Selecci\u00f3n Premium de Frutas:<\/strong> Utilizamos pulpa de frutas frescas y concentrados de la m\u00e1s alta calidad en la elaboraci\u00f3n de nuestros Granizados, garantizando un sabor aut\u00e9ntico y una experiencia sensorial incomparable.<\/p>\n<\/li>\n<li>\n<p><strong>Variedad de Sabores:<\/strong> Disfruta de una amplia gama de sabores ex\u00f3ticos y tradicionales, cada uno elaborado con la combinaci\u00f3n perfecta de frutas para satisfacer todos los gustos y antojos.<\/p>\n<\/li>\n<li>\n<p><strong>Textura Refrescante:<\/strong> Nuestros Granizados tienen una textura suave y aterciopelada que se desliza suavemente por tu paladar, refresc\u00e1ndote con cada sorbo y transport\u00e1ndote a un para\u00edso frutal.<\/p>\n<\/li>\n<li>\n<p><strong>Compromiso con la Calidad:<\/strong> Nos comprometemos a ofrecerte productos de la m\u00e1s alta calidad, por lo que utilizamos \u00fanicamente aditivos permitidos en la elaboraci\u00f3n de nuestros Granizados, garantizando as\u00ed la seguridad y el bienestar de nuestros clientes.<\/p>\n<\/li>\n<\/ul>    <\/div>\n<\/div>\n<!-- \/module text -->\t\t<\/div>\n\t\t\t\t\t\t<\/div>\n\t\t<\/div>\n\t\t<\/div>\n<!--\/themify_builder_content-->","protected":false},"excerpt":{"rendered":"<p>Granizados<\/p>\n","protected":false},"author":1,"featured_media":0,"parent":0,"menu_order":0,"comment_status":"closed","ping_status":"closed","template":"","meta":{"footnotes":""},"aioseo_notices":[],"builder_content":"<h3><strong>Granizados<\/strong><\/h3>\n<img src=\"https:\/\/jugoscanary.co\/wp-content\/uploads\/2024\/12\/WhatsApp-Image-2024-12-23-at-11.01.41-AM-768x1024-498x477.jpeg\" width=\"498\" height=\"477\" title=\"WhatsApp Image 2024-12-23 at 11.01.41 AM\" alt=\"WhatsApp Image 2024-12-23 at 11.01.41 AM\">\n<a href=\"https:\/\/wa.me\/573118352793?text=M\u00e1s%20informaci\u00f3n%20de%20los%20Granizados\" target=\"_blank\" rel=\"noopener\"><img decoding=\"async\" src=\"http:\/\/jugoscanary.co\/wp-content\/uploads\/2024\/04\/WhatsAppButtonGreenMedium.png\" \/><\/a>\n<h4>Caracter\u00edsticas<\/h4> <ul> <li> <p><strong>Selecci\u00f3n Premium de Frutas:<\/strong> Utilizamos pulpa de frutas frescas y concentrados de la m\u00e1s alta calidad en la elaboraci\u00f3n de nuestros Granizados, garantizando un sabor aut\u00e9ntico y una experiencia sensorial incomparable.<\/p> <\/li> <li> <p><strong>Variedad de Sabores:<\/strong> Disfruta de una amplia gama de sabores ex\u00f3ticos y tradicionales, cada uno elaborado con la combinaci\u00f3n perfecta de frutas para satisfacer todos los gustos y antojos.<\/p> <\/li> <li> <p><strong>Textura Refrescante:<\/strong> Nuestros Granizados tienen una textura suave y aterciopelada que se desliza suavemente por tu paladar, refresc\u00e1ndote con cada sorbo y transport\u00e1ndote a un para\u00edso frutal.<\/p> <\/li> <li> <p><strong>Compromiso con la Calidad:<\/strong> Nos comprometemos a ofrecerte productos de la m\u00e1s alta calidad, por lo que utilizamos \u00fanicamente aditivos permitidos en la elaboraci\u00f3n de nuestros Granizados, garantizando as\u00ed la seguridad y el bienestar de nuestros clientes.<\/p> <\/li> <\/ul>","_links":{"self":[{"href":"https:\/\/jugoscanary.co\/index.php\/wp-json\/wp\/v2\/pages\/2426"}],"collection":[{"href":"https:\/\/jugoscanary.co\/index.php\/wp-json\/wp\/v2\/pages"}],"about":[{"href":"https:\/\/jugoscanary.co\/index.php\/wp-json\/wp\/v2\/types\/page"}],"author":[{"embeddable":true,"href":"https:\/\/jugoscanary.co\/index.php\/wp-json\/wp\/v2\/users\/1"}],"replies":[{"embeddable":true,"href":"https:\/\/jugoscanary.co\/index.php\/wp-json\/wp\/v2\/comments?post=2426"}],"version-history":[{"count":11,"href":"https:\/\/jugoscanary.co\/index.php\/wp-json\/wp\/v2\/pages\/2426\/revisions"}],"predecessor-version":[{"id":2622,"href":"https:\/\/jugoscanary.co\/index.php\/wp-json\/wp\/v2\/pages\/2426\/revisions\/2622"}],"wp:attachment":[{"href":"https:\/\/jugoscanary.co\/index.php\/wp-json\/wp\/v2\/media?parent=2426"}],"curies":[{"name":"wp","href":"https:\/\/api.w.org\/{rel}","templated":true}]}}